{"id":1223,"date":"2023-08-17T11:05:03","date_gmt":"2023-08-17T09:05:03","guid":{"rendered":"https:\/\/tischtennis-biesfeld.de\/?page_id=1223"},"modified":"2025-04-14T06:45:38","modified_gmt":"2025-04-14T04:45:38","slug":"praevention","status":"publish","type":"page","link":"https:\/\/tischtennis-biesfeld.de\/?page_id=1223","title":{"rendered":"Pr\u00e4vention"},"content":{"rendered":"\n<h4 class=\"wp-block-heading has-text-align-center\">Wir sind Mitglied im Qualit\u00e4tsb\u00fcndnis Sport NRW<\/h4>\n\n\n\n<figure class=\"wp-block-image aligncenter size-medium\"><a href=\"https:\/\/tischtennis-biesfeld.de\/wp-content\/uploads\/2025\/03\/6663_Marke_Qualitaetsbuendis-final-web.jpg\"><img decoding=\"async\" width=\"300\" height=\"124\" src=\"https:\/\/tischtennis-biesfeld.de\/wp-content\/uploads\/2025\/03\/6663_Marke_Qualitaetsbuendis-final-web-300x124.jpg\" alt=\"\" class=\"wp-image-2076\" srcset=\"https:\/\/tischtennis-biesfeld.de\/wp-content\/uploads\/2025\/03\/6663_Marke_Qualitaetsbuendis-final-web-300x124.jpg 300w, https:\/\/tischtennis-biesfeld.de\/wp-content\/uploads\/2025\/03\/6663_Marke_Qualitaetsbuendis-final-web.jpg 630w\" sizes=\"(max-width: 300px) 100vw, 300px\" \/><\/a><\/figure>\n\n\n\n<p><br>Das <a href=\"https:\/\/www.lsb.nrw\/unsere-themen\/schutz-vor-gewalt-im-sport\/qualitaetsbuendnis-zum-schutz-vor-sexualisierter-gewalt\" target=\"_blank\" rel=\"noreferrer noopener\">Qualit\u00e4tsb\u00fcndnis <\/a>wurde auf der Initiative \u201cSchweigen sch\u00fctzt die Falschen\u201d durch den Landessportbund NRW und seiner Sportjugend in Zusammenarbeit mit dem Deutschen Kinderschutzbund entwickelt. Ziel des Qualit\u00e4tsb\u00fcndnisses ist es, sexualisierter und interpersoneller Gewalt im Sport wirksam vorzubeugen und diese zu bek\u00e4mpfen.<\/p>\n\n\n\n<p>Mit dem Qualit\u00e4tsb\u00fcndnis zum Schutz vor sexualisierter und interpersoneller Gewalt im Sport gibt der Landessportbund NRW den Sportvereinen konkrete Hilfestellung, um das Thema im Sport zu enttabuisieren, Pr\u00e4ventionsma\u00dfnahmen umzusetzen sowie in Krisen- und Verdachtsf\u00e4llen Orientierung zu erhalten und handlungsf\u00e4hig zu bleiben.<\/p>\n\n\n\n<p>Auf der Mitgliederversammlung 2023 wurde beschlossen, dass die TTVg Phoenix Biesfeld 1946 e.V. die Aufnahme in das Qualit\u00e4tsb\u00fcndnis anstreben soll.<\/p>\n\n\n\n<p>In diesem Zusammenhang wurde nach einer Risikoanalyse ein <a href=\"https:\/\/tischtennis-biesfeld.de\/wp-content\/uploads\/2025\/03\/Schutzkonzept-TTVg-Phoenix-Biesfeld-1946-eV.pdf\" target=\"_blank\" rel=\"noreferrer noopener\"><strong>Schutzkonzept<\/strong> <\/a>f\u00fcr unseren Verein erstellt, welches in Zukunft immer wieder \u00fcberpr\u00fcft und bei Bedarf angepasst wird. Dies erfolgt gemeinsam mit dem Ressortleiter Jungend und den Ansprechpersonen mehrfach im Jahr in den Vorstandssitzungen.<\/p>\n\n\n\n<p>Zus\u00e4tzlich haben wir einen <strong><a href=\"https:\/\/tischtennis-biesfeld.de\/wp-content\/uploads\/2025\/01\/Schutzkonzept_Flyer.pdf\" target=\"_blank\" rel=\"noreferrer noopener\">Flyer<\/a> <\/strong>erstellt, der neben Hinweisen zum Inhalt des Schutzkonzeptes auch einen Auszug \u00fcber die wichtigsten Verhaltenshinweisen enth\u00e4lt. Dieser ist auch in unserer Halle im Eingangsbereich ausgehangen.<\/p>\n\n\n\n<p>Alle Trainer und Vorstandmitglieder haben in den letzten Monaten eine externe Sensibilisierungsschulung zu dem Thema besucht und wurden zu den Inhalten unseres vereinsspezifischen Schutzkonzeptes geschult.<br>Zus\u00e4tzliche haben alle ihr erweitertes F\u00fchrungszeugnis vorgelegt und unseren Ehrenkodex unterschrieben.<\/p>\n\n\n\n<p>Unsere Ansprech-\/Vertrauenspersonen zu dem Thema:<\/p>\n\n\n\n<ul class=\"wp-block-list\">\n<li>Gregor Oberb\u00f6rsch: Mobil: 0171 4188730<\/li>\n\n\n\n<li>Gerd Uelpenich: Mobil: 0157 38174721<\/li>\n\n\n\n<li>Miriam R\u00fcger: Mobil: 0178 1653494<\/li>\n<\/ul>\n\n\n\n<p>Die Ansprechpersonen haben an einer mehrt\u00e4gigen Schulung zur Qualifizierung ihrer Aufgaben teilgenommen.<\/p>\n\n\n\n<p>Unsere Kinder, Jugendliche und Mitglieder wurden \u00fcber unser Schutzkonzept per Mail informiert. Das Schutzkonzept wie auch der Flyer waren Anh\u00e4nge der Mail.<br><br>Zus\u00e4tzliche haben sich unsere Ansprechpersonen beim Training den Kindern und Jugendlichen vorgestellt. Dabei wurden ihnen der Sinn und das Ziel des Qualit\u00e4tsb\u00fcndnisses erl\u00e4utert, der Flyer besprochen und \u00fcbergeben.<br>Die Ansprechpartner besuchen immer wieder das Kinder- und Jugendtraining, damit sie den Kindern vertrauter werden und eine Kontaktaufnahme leichter f\u00e4llt. Die Kontaktdaten unserer Ansprechpersonen sind im Schaukasten unseres Vereins in unsere Sporthalle ausgehangen.<\/p>\n\n\n\n<p>Neuen Mitgliedern wird der Flyer mit der Anmeldebest\u00e4tigung \u00fcbergeben, damit sie sich von Anfang an mit unserem Schutzkonzept und unseren Verhaltensrichtlinien vertraut machen k\u00f6nnen.<\/p>\n\n\n\n<p>Alle diese Schritte haben wir erfolgreich abgeschlossen und sind nun Mitglied im Qualit\u00e4tsb\u00fcndnis.<br>Wir sind sehr stolz, dass wir diese sehr umfangreiche Aufgabe bew\u00e4ltigt haben. <br>Unser gro\u00dfer Dank geht an alle, die sich beteiligt haben und geholfen haben, dass wir diesen f\u00fcr den Verein wichtigen Punkt erreicht haben!<\/p>\n\n\n\n<p><\/p>\n","protected":false},"excerpt":{"rendered":"<p>Wir sind Mitglied im Qualit\u00e4tsb\u00fcndnis Sport NRW Das Qualit\u00e4tsb\u00fcndnis wurde auf der Initiative \u201cSchweigen sch\u00fctzt die Falschen\u201d durch den Landessportbund NRW und seiner Sportjugend in Zusammenarbeit mit dem Deutschen Kinderschutzbund entwickelt. Ziel des Qualit\u00e4tsb\u00fcndnisses ist es, sexualisierter und interpersoneller Gewalt im Sport wirksam vorzubeugen und diese zu bek\u00e4mpfen. Mit dem Qualit\u00e4tsb\u00fcndnis zum Schutz vor sexualisierter [&hellip;]<\/p>\n","protected":false},"author":1,"featured_media":0,"parent":0,"menu_order":85,"comment_status":"closed","ping_status":"closed","template":"","meta":{"site-sidebar-layout":"default","site-content-layout":"","ast-site-content-layout":"default","site-content-style":"default","site-sidebar-style":"default","ast-global-header-display":"","ast-banner-title-visibility":"","ast-main-header-display":"","ast-hfb-above-header-display":"","ast-hfb-below-header-display":"","ast-hfb-mobile-header-display":"","site-post-title":"disabled","ast-breadcrumbs-content":"","ast-featured-img":"","footer-sml-layout":"","ast-disable-related-posts":"","theme-transparent-header-meta":"default","adv-header-id-meta":null,"stick-header-meta":null,"header-above-stick-meta":null,"header-main-stick-meta":null,"header-below-stick-meta":null,"astra-migrate-meta-layouts":"set","ast-page-background-enabled":"default","ast-page-background-meta":{"desktop":{"background-color":"var(--ast-global-color-4)","background-image":"","background-repeat":"repeat","background-position":"center center","background-size":"auto","background-attachment":"scroll","background-type":"","background-media":"","overlay-type":"","overlay-color":"","overlay-opacity":"","overlay-gradient":""},"tablet":{"background-color":"","background-image":"","background-repeat":"repeat","background-position":"center center","background-size":"auto","background-attachment":"scroll","background-type":"","background-media":"","overlay-type":"","overlay-color":"","overlay-opacity":"","overlay-gradient":""},"mobile":{"background-color":"","background-image":"","background-repeat":"repeat","background-position":"center center","background-size":"auto","background-attachment":"scroll","background-type":"","background-media":"","overlay-type":"","overlay-color":"","overlay-opacity":"","overlay-gradient":""}},"ast-content-background-meta":{"desktop":{"background-color":"var(--ast-global-color-5)","background-image":"","background-repeat":"repeat","background-position":"center center","background-size":"auto","background-attachment":"scroll","background-type":"","background-media":"","overlay-type":"","overlay-color":"","overlay-opacity":"","overlay-gradient":""},"tablet":{"background-color":"var(--ast-global-color-5)","background-image":"","background-repeat":"repeat","background-position":"center center","background-size":"auto","background-attachment":"scroll","background-type":"","background-media":"","overlay-type":"","overlay-color":"","overlay-opacity":"","overlay-gradient":""},"mobile":{"background-color":"var(--ast-global-color-5)","background-image":"","background-repeat":"repeat","background-position":"center center","background-size":"auto","background-attachment":"scroll","background-type":"","background-media":"","overlay-type":"","overlay-color":"","overlay-opacity":"","overlay-gradient":""}},"footnotes":""},"class_list":["post-1223","page","type-page","status-publish","hentry"],"_links":{"self":[{"href":"https:\/\/tischtennis-biesfeld.de\/index.php?rest_route=\/wp\/v2\/pages\/1223","targetHints":{"allow":["GET"]}}],"collection":[{"href":"https:\/\/tischtennis-biesfeld.de\/index.php?rest_route=\/wp\/v2\/pages"}],"about":[{"href":"https:\/\/tischtennis-biesfeld.de\/index.php?rest_route=\/wp\/v2\/types\/page"}],"author":[{"embeddable":true,"href":"https:\/\/tischtennis-biesfeld.de\/index.php?rest_route=\/wp\/v2\/users\/1"}],"replies":[{"embeddable":true,"href":"https:\/\/tischtennis-biesfeld.de\/index.php?rest_route=%2Fwp%2Fv2%2Fcomments&post=1223"}],"version-history":[{"count":35,"href":"https:\/\/tischtennis-biesfeld.de\/index.php?rest_route=\/wp\/v2\/pages\/1223\/revisions"}],"predecessor-version":[{"id":2152,"href":"https:\/\/tischtennis-biesfeld.de\/index.php?rest_route=\/wp\/v2\/pages\/1223\/revisions\/2152"}],"wp:attachment":[{"href":"https:\/\/tischtennis-biesfeld.de\/index.php?rest_route=%2Fwp%2Fv2%2Fmedia&parent=1223"}],"curies":[{"name":"wp","href":"https:\/\/api.w.org\/{rel}","templated":true}]}}