{"id":309,"date":"2022-09-02T14:05:13","date_gmt":"2022-09-02T12:05:13","guid":{"rendered":"http:\/\/neu.tischtennis-biesfeld.de\/?page_id=309"},"modified":"2025-03-16T12:09:52","modified_gmt":"2025-03-16T11:09:52","slug":"hobby","status":"publish","type":"page","link":"https:\/\/tischtennis-biesfeld.de\/?page_id=309","title":{"rendered":"Hobby"},"content":{"rendered":"\n<div class=\"wp-block-cover is-light\"><span aria-hidden=\"true\" class=\"wp-block-cover__background has-background-dim\"><\/span><img fetchpriority=\"high\" decoding=\"async\" width=\"1024\" height=\"683\" class=\"wp-block-cover__image-background wp-image-177\" alt=\"\" src=\"http:\/\/neu.tischtennis-biesfeld.de\/wp-content\/uploads\/2022\/09\/ping-pong-g75a9fc516_1920-1024x683.jpg\" data-object-fit=\"cover\" srcset=\"https:\/\/tischtennis-biesfeld.de\/wp-content\/uploads\/2022\/09\/ping-pong-g75a9fc516_1920-1024x683.jpg 1024w, https:\/\/tischtennis-biesfeld.de\/wp-content\/uploads\/2022\/09\/ping-pong-g75a9fc516_1920-300x200.jpg 300w, https:\/\/tischtennis-biesfeld.de\/wp-content\/uploads\/2022\/09\/ping-pong-g75a9fc516_1920-768x512.jpg 768w, https:\/\/tischtennis-biesfeld.de\/wp-content\/uploads\/2022\/09\/ping-pong-g75a9fc516_1920-1536x1024.jpg 1536w, https:\/\/tischtennis-biesfeld.de\/wp-content\/uploads\/2022\/09\/ping-pong-g75a9fc516_1920.jpg 1920w\" sizes=\"(max-width: 1024px) 100vw, 1024px\" \/><div class=\"wp-block-cover__inner-container is-layout-flow wp-block-cover-is-layout-flow\">\n<p class=\"has-text-align-center has-white-color has-text-color has-link-color has-large-font-size wp-elements-d7f2dd06969aea47a21f9c3092c21cb4\">Hobby<\/p>\n<\/div><\/div>\n\n\n\n<p><br>Auch unsere Hobby-Spieler messen sich im Wettkampf mit anderen Hobby-Spielern aus anderen Vereinen.<br>Die Organisation wird \u00fcber die teilnehmenden Vereine selber vorgenommen und werden somit nicht vom WTTV ver\u00f6ffentlicht.<br>Die Ergebnisse unserer Mannschaft k\u00f6nnen aber auf unserer Seite nachgeschaut werden.<br><br>Hier die geplanten Spiele f\u00fcr diese Saison:<br><\/p>\n\n\n\n<p><\/p>\n\n\n\n<figure class=\"wp-block-table aligncenter is-style-regular has-medium-font-size\"><table style=\"border-style:solid;border-width:3px\"><thead><tr><th class=\"has-text-align-left\" data-align=\"left\">Datum<\/th><th><strong>Uhrzeit<\/strong><\/th><th>Heim<\/th><th>Gast<\/th><th class=\"has-text-align-center\" data-align=\"center\">Ergebnis<\/th><\/tr><\/thead><tbody><tr><td class=\"has-text-align-left\" data-align=\"left\">20.09.23<\/td><td>20:00<\/td><td>Biesfeld<\/td><td>Voiswinkel 3<\/td><td class=\"has-text-align-center\" data-align=\"center\">8:4<\/td><\/tr><tr><td class=\"has-text-align-left\" data-align=\"left\">16.10.23<\/td><td>20:00<\/td><td>Schildgen<\/td><td>Biesfeld<\/td><td class=\"has-text-align-center\" data-align=\"center\">10:2<\/td><\/tr><tr><td class=\"has-text-align-left\" data-align=\"left\">27.11.23<\/td><td>20:00<\/td><td>Voiswinkel 2<\/td><td>Biesfeld<\/td><td class=\"has-text-align-center\" data-align=\"center\">1:11<\/td><\/tr><tr><td class=\"has-text-align-left\" data-align=\"left\">30.11.23<\/td><td>20:00<\/td><td>B\u00e4rbroich 3<\/td><td>Biesfeld<\/td><td class=\"has-text-align-center\" data-align=\"center\">5:7<\/td><\/tr><tr><td class=\"has-text-align-left\" data-align=\"left\">13.12.23<\/td><td>20:00<\/td><td>Biesfeld<\/td><td>M\u00fclheim 1<\/td><td class=\"has-text-align-center\" data-align=\"center\">4:8<\/td><\/tr><tr><td class=\"has-text-align-left\" data-align=\"left\">21.12.23<\/td><td>20:00<\/td><td>B\u00e4rbroich 2<\/td><td>Biesfeld<\/td><td class=\"has-text-align-center\" data-align=\"center\">2:10<\/td><\/tr><tr><td class=\"has-text-align-left\" data-align=\"left\">14.02.24<\/td><td>20:00<\/td><td>Biesfeld<\/td><td>B\u00e4rbroich 2<\/td><td class=\"has-text-align-center\" data-align=\"center\">5:7<\/td><\/tr><tr><td class=\"has-text-align-left\" data-align=\"left\">19.02.24<\/td><td>20:00<\/td><td>M\u00fclheim 1<\/td><td>Biesfeld<\/td><td class=\"has-text-align-center\" data-align=\"center\">7:5<\/td><\/tr><tr><td class=\"has-text-align-left\" data-align=\"left\">28.02.24<\/td><td>20:00<\/td><td>Biesfeld<\/td><td>Schildgen<\/td><td class=\"has-text-align-center\" data-align=\"center\">5:7<\/td><\/tr><tr><td class=\"has-text-align-left\" data-align=\"left\">18.03.24<\/td><td>20:00<\/td><td>Voiswinkel 3<\/td><td>Biesfeld<\/td><td class=\"has-text-align-center\" data-align=\"center\">10:2<\/td><\/tr><tr><td class=\"has-text-align-left\" data-align=\"left\">10.04.24<\/td><td>20:00<\/td><td>Biesfeld<\/td><td>Voiswinkel 1<\/td><td class=\"has-text-align-center\" data-align=\"center\">3:9<\/td><\/tr><tr><td class=\"has-text-align-left\" data-align=\"left\">29.05.24<\/td><td>20:00<\/td><td>Biesfeld<\/td><td>B\u00e4rbroich 3<\/td><td class=\"has-text-align-center\" data-align=\"center\">3:9<\/td><\/tr><\/tbody><\/table><\/figure>\n","protected":false},"excerpt":{"rendered":"<p>Auch unsere Hobby-Spieler messen sich im Wettkampf mit anderen Hobby-Spielern aus anderen Vereinen.Die Organisation wird \u00fcber die teilnehmenden Vereine selber vorgenommen und werden somit nicht vom WTTV ver\u00f6ffentlicht.Die Ergebnisse unserer Mannschaft k\u00f6nnen aber auf unserer Seite nachgeschaut werden. Hier die geplanten Spiele f\u00fcr diese Saison: Datum Uhrzeit Heim Gast Ergebnis 20.09.23 20:00 Biesfeld Voiswinkel 3 [&hellip;]<\/p>\n","protected":false},"author":1,"featured_media":0,"parent":0,"menu_order":61,"comment_status":"closed","ping_status":"closed","template":"","meta":{"site-sidebar-layout":"default","site-content-layout":"","ast-site-content-layout":"default","site-content-style":"default","site-sidebar-style":"default","ast-global-header-display":"","ast-banner-title-visibility":"","ast-main-header-display":"","ast-hfb-above-header-display":"","ast-hfb-below-header-display":"","ast-hfb-mobile-header-display":"","site-post-title":"disabled","ast-breadcrumbs-content":"","ast-featured-img":"","footer-sml-layout":"","ast-disable-related-posts":"","theme-transparent-header-meta":"","adv-header-id-meta":"","stick-header-meta":"","header-above-stick-meta":"","header-main-stick-meta":"","header-below-stick-meta":"","astra-migrate-meta-layouts":"set","ast-page-background-enabled":"default","ast-page-background-meta":{"desktop":{"background-color":"var(--ast-global-color-4)","background-image":"","background-repeat":"repeat","background-position":"center center","background-size":"auto","background-attachment":"scroll","background-type":"","background-media":"","overlay-type":"","overlay-color":"","overlay-opacity":"","overlay-gradient":""},"tablet":{"background-color":"","background-image":"","background-repeat":"repeat","background-position":"center center","background-size":"auto","background-attachment":"scroll","background-type":"","background-media":"","overlay-type":"","overlay-color":"","overlay-opacity":"","overlay-gradient":""},"mobile":{"background-color":"","background-image":"","background-repeat":"repeat","background-position":"center center","background-size":"auto","background-attachment":"scroll","background-type":"","background-media":"","overlay-type":"","overlay-color":"","overlay-opacity":"","overlay-gradient":""}},"ast-content-background-meta":{"desktop":{"background-color":"var(--ast-global-color-5)","background-image":"","background-repeat":"repeat","background-position":"center center","background-size":"auto","background-attachment":"scroll","background-type":"","background-media":"","overlay-type":"","overlay-color":"","overlay-opacity":"","overlay-gradient":""},"tablet":{"background-color":"var(--ast-global-color-5)","background-image":"","background-repeat":"repeat","background-position":"center center","background-size":"auto","background-attachment":"scroll","background-type":"","background-media":"","overlay-type":"","overlay-color":"","overlay-opacity":"","overlay-gradient":""},"mobile":{"background-color":"var(--ast-global-color-5)","background-image":"","background-repeat":"repeat","background-position":"center center","background-size":"auto","background-attachment":"scroll","background-type":"","background-media":"","overlay-type":"","overlay-color":"","overlay-opacity":"","overlay-gradient":""}},"footnotes":""},"class_list":["post-309","page","type-page","status-publish","hentry"],"_links":{"self":[{"href":"https:\/\/tischtennis-biesfeld.de\/index.php?rest_route=\/wp\/v2\/pages\/309","targetHints":{"allow":["GET"]}}],"collection":[{"href":"https:\/\/tischtennis-biesfeld.de\/index.php?rest_route=\/wp\/v2\/pages"}],"about":[{"href":"https:\/\/tischtennis-biesfeld.de\/index.php?rest_route=\/wp\/v2\/types\/page"}],"author":[{"embeddable":true,"href":"https:\/\/tischtennis-biesfeld.de\/index.php?rest_route=\/wp\/v2\/users\/1"}],"replies":[{"embeddable":true,"href":"https:\/\/tischtennis-biesfeld.de\/index.php?rest_route=%2Fwp%2Fv2%2Fcomments&post=309"}],"version-history":[{"count":39,"href":"https:\/\/tischtennis-biesfeld.de\/index.php?rest_route=\/wp\/v2\/pages\/309\/revisions"}],"predecessor-version":[{"id":2101,"href":"https:\/\/tischtennis-biesfeld.de\/index.php?rest_route=\/wp\/v2\/pages\/309\/revisions\/2101"}],"wp:attachment":[{"href":"https:\/\/tischtennis-biesfeld.de\/index.php?rest_route=%2Fwp%2Fv2%2Fmedia&parent=309"}],"curies":[{"name":"wp","href":"https:\/\/api.w.org\/{rel}","templated":true}]}}