{"id":329,"date":"2022-09-02T15:40:33","date_gmt":"2022-09-02T13:40:33","guid":{"rendered":"http:\/\/neu.tischtennis-biesfeld.de\/?page_id=329"},"modified":"2022-09-02T15:41:33","modified_gmt":"2022-09-02T13:41:33","slug":"chronik","status":"publish","type":"page","link":"https:\/\/tischtennis-biesfeld.de\/?page_id=329","title":{"rendered":"Chronik"},"content":{"rendered":"\n<figure class=\"wp-block-image aligncenter size-large\"><a href=\"http:\/\/neu.tischtennis-biesfeld.de\/wp-content\/uploads\/2022\/09\/kej-tischtennis-sportgeschichte100__v-gseagaleriexl.jpg\"><img fetchpriority=\"high\" decoding=\"async\" width=\"1024\" height=\"576\" src=\"http:\/\/neu.tischtennis-biesfeld.de\/wp-content\/uploads\/2022\/09\/kej-tischtennis-sportgeschichte100__v-gseagaleriexl-1024x576.jpg\" alt=\"\" class=\"wp-image-330\" srcset=\"https:\/\/tischtennis-biesfeld.de\/wp-content\/uploads\/2022\/09\/kej-tischtennis-sportgeschichte100__v-gseagaleriexl-1024x576.jpg 1024w, https:\/\/tischtennis-biesfeld.de\/wp-content\/uploads\/2022\/09\/kej-tischtennis-sportgeschichte100__v-gseagaleriexl-300x169.jpg 300w, https:\/\/tischtennis-biesfeld.de\/wp-content\/uploads\/2022\/09\/kej-tischtennis-sportgeschichte100__v-gseagaleriexl-768x432.jpg 768w, https:\/\/tischtennis-biesfeld.de\/wp-content\/uploads\/2022\/09\/kej-tischtennis-sportgeschichte100__v-gseagaleriexl-1536x864.jpg 1536w, https:\/\/tischtennis-biesfeld.de\/wp-content\/uploads\/2022\/09\/kej-tischtennis-sportgeschichte100__v-gseagaleriexl.jpg 1600w\" sizes=\"(max-width: 1024px) 100vw, 1024px\" \/><\/a><\/figure>\n\n\n\n<h2 class=\"wp-block-heading\"><\/h2>\n\n\n\n<h4 class=\"has-text-align-center wp-block-heading\"><br>Wie Phoenix aus der Asche<\/h4>\n\n\n<p style=\"text-align: left;\"><br \/><br \/>1946 bildeten sich zwei Gruppen von TT-Spielern, die sich am 11. Mai 1947 zu der TTVg Blau-Wei\u00df Biesfeld zusammenschlossen. Die Saison 47\/48 wurde schon mit drei Mannschaften bestritten, die sich mit dem Verkaufsraum der Schmiede BRAUN als Spiellokal begn\u00fcgen mussten. In der Nachkriegszeit gab es gro\u00dfe Schwierigkeiten bei der Beschaffung von B\u00e4llen und Schl\u00e4gern. Auch wurden die ersten TT-Platten selbst hergestellt. Es musste sehr viel Geld aufgebracht werden, um \u00fcberhaupt B\u00e4lle zu bekommen.\u00a0Sp\u00e4ter konnte dann der Spielbetrieb und teilweise das Training im Tanzsaal der Gastst\u00e4tte K\u00dcSTER aufgenommen werden.<\/p>\n<p>Das flei\u00dfige und selbstst\u00e4ndige Training der Spieler zeigte schon bald Erfolge. Bis 1953 wurde der Aufstieg von der 2. Kreisklasse in die Landesliga geschafft. Die schon damals sehr langen Anfahrtswege zu den Spielen wurden oft mit dem Fahrrad zur\u00fcckgelegt. Selten kamen Bus oder Auto zum Einsatz.<br \/>Die Mannschaft der ersten Stunde bestand aus den Spielern:<\/p>\n<p>Klaus Knickenberg, G\u00fcnter Stockberg, Hans J. Braun, Herbert Dahl, G\u00fcnter Hunkirchen und\u00a0Erwin Gawlicek.<\/p>\n<p>Schon damals war das Geld knapp und deshalb mussten sich die TT-Vereine aus Olpe, K\u00fcrten und Biesfeld 1951 aus Kostengr\u00fcnden unter dem Namen TTV Phoenix\u00a0zusammenschlie\u00dfen.Diese Verbindung hielt leider nur bis 1953, ab dem 28.4.1953 ist der Name TTVg \u201ePhoenix\u201c Biesfeld existent.<\/p>\n<p>\u200bIn der Mitte der 50er Jahre galt schon viel Aufmerksamkeit der Jugendf\u00f6rderung. Diese brachte gute Spieler hervor, daher konnte die 1. Mannschaft bis 1964 in der Bezirksliga spielen.\u00a0Dem auftretenden Platzmangel konnte durch die Nutzung der Gymnastikhalle in der Grundschule Biesfeld und der zeitweiligen Anmietung der Turnhalle in Offermannsheide abgeholfen werden.Durch die besseren Trainingsm\u00f6glichkeiten konnte die 1. Jugendmannschaft unter Josef Paffenholz\u00a0Bezirksmeister des Bezirkes K\u00f6ln werden.<\/p>\n<p>Ab dem 9.6.1978 ist die TTVg \u201ePhoenix\u201c ein bei Gericht eingetragener Verein (1946 e.V.). Im gleichen Jahr wurde das erste Turnier in K\u00fcrten durchgef\u00fchrt, das bis 1984 im zweij\u00e4hrigen, danach bis 1996 im einj\u00e4hrigen Turnus stattfand. Hierbei war ein immenser logistischer Aufwand notwendig, da der Transport aller notwendigen Spielmaterialien von Biesfeld nach K\u00fcrten und zur\u00fcck viel Arbeit der Vereinsmitglieder erforderte.<\/p>\n<p>Ab 1978\/79 konnte die neue Turnhalle in Biesfeld genutzt werden. Erstmalig war es m\u00f6glich, Training und Meisterschaft auf bis zu 10 Platten in einer Halle durchzuf\u00fchren.\u00a0In dieser Zeit auch eine sehr erfolgreiche Damenabteilung aufgebaut, die heute leider nicht mehr existiert.\u00a02005 verst\u00e4rkte sich die TTVg durch Spieler der aufgel\u00f6sten TT-Abteilung des SV Bechen. Damit konnte der Klassenerhalt in der Bezirksliga erreicht werden.\u00a02009 konnten einige Spieler der benachbarten DJK D\u00fcrscheid zur Verst\u00e4rkung gewonnen werden, da sich deren Abteilung aufl\u00f6ste.\u00a0<\/p>\n<p>\u200bIn den letzten Jahren wurde in der Jugendarbeit nach einigen schwachen Jahren ein Neustart gewagt, der inzwischen die ersten Fr\u00fcchte tr\u00e4gt. Zur Zeit umfasst die Jugendabteilung ca. 25 Mitglieder und umfasst drei Mannschaften.<\/p>\n<p>Im Jahre 2016 konnte die 1.Mannschaft der TTVg nach 63 Jahren die R\u00fcckkehr in die Landesliga verzeichnen.<\/p>","protected":false},"excerpt":{"rendered":"<p>Wie Phoenix aus der Asche 1946 bildeten sich zwei Gruppen von TT-Spielern, die sich am 11. Mai 1947 zu der TTVg Blau-Wei\u00df Biesfeld zusammenschlossen. Die Saison 47\/48 wurde schon mit drei Mannschaften bestritten, die sich mit dem Verkaufsraum der Schmiede BRAUN als Spiellokal begn\u00fcgen mussten. In der Nachkriegszeit gab es gro\u00dfe Schwierigkeiten bei der Beschaffung [&hellip;]<\/p>\n","protected":false},"author":1,"featured_media":0,"parent":0,"menu_order":93,"comment_status":"closed","ping_status":"closed","template":"","meta":{"site-sidebar-layout":"default","site-content-layout":"","ast-site-content-layout":"default","site-content-style":"default","site-sidebar-style":"default","ast-global-header-display":"","ast-banner-title-visibility":"","ast-main-header-display":"","ast-hfb-above-header-display":"","ast-hfb-below-header-display":"","ast-hfb-mobile-header-display":"","site-post-title":"","ast-breadcrumbs-content":"","ast-featured-img":"","footer-sml-layout":"","ast-disable-related-posts":"","theme-transparent-header-meta":"","adv-header-id-meta":"","stick-header-meta":"","header-above-stick-meta":"","header-main-stick-meta":"","header-below-stick-meta":"","astra-migrate-meta-layouts":"default","ast-page-background-enabled":"default","ast-page-background-meta":{"desktop":{"background-color":"var(--ast-global-color-4)","background-image":"","background-repeat":"repeat","background-position":"center center","background-size":"auto","background-attachment":"scroll","background-type":"","background-media":"","overlay-type":"","overlay-color":"","overlay-opacity":"","overlay-gradient":""},"tablet":{"background-color":"","background-image":"","background-repeat":"repeat","background-position":"center center","background-size":"auto","background-attachment":"scroll","background-type":"","background-media":"","overlay-type":"","overlay-color":"","overlay-opacity":"","overlay-gradient":""},"mobile":{"background-color":"","background-image":"","background-repeat":"repeat","background-position":"center center","background-size":"auto","background-attachment":"scroll","background-type":"","background-media":"","overlay-type":"","overlay-color":"","overlay-opacity":"","overlay-gradient":""}},"ast-content-background-meta":{"desktop":{"background-color":"var(--ast-global-color-5)","background-image":"","background-repeat":"repeat","background-position":"center center","background-size":"auto","background-attachment":"scroll","background-type":"","background-media":"","overlay-type":"","overlay-color":"","overlay-opacity":"","overlay-gradient":""},"tablet":{"background-color":"var(--ast-global-color-5)","background-image":"","background-repeat":"repeat","background-position":"center center","background-size":"auto","background-attachment":"scroll","background-type":"","background-media":"","overlay-type":"","overlay-color":"","overlay-opacity":"","overlay-gradient":""},"mobile":{"background-color":"var(--ast-global-color-5)","background-image":"","background-repeat":"repeat","background-position":"center center","background-size":"auto","background-attachment":"scroll","background-type":"","background-media":"","overlay-type":"","overlay-color":"","overlay-opacity":"","overlay-gradient":""}},"footnotes":""},"class_list":["post-329","page","type-page","status-publish","hentry"],"_links":{"self":[{"href":"https:\/\/tischtennis-biesfeld.de\/index.php?rest_route=\/wp\/v2\/pages\/329","targetHints":{"allow":["GET"]}}],"collection":[{"href":"https:\/\/tischtennis-biesfeld.de\/index.php?rest_route=\/wp\/v2\/pages"}],"about":[{"href":"https:\/\/tischtennis-biesfeld.de\/index.php?rest_route=\/wp\/v2\/types\/page"}],"author":[{"embeddable":true,"href":"https:\/\/tischtennis-biesfeld.de\/index.php?rest_route=\/wp\/v2\/users\/1"}],"replies":[{"embeddable":true,"href":"https:\/\/tischtennis-biesfeld.de\/index.php?rest_route=%2Fwp%2Fv2%2Fcomments&post=329"}],"version-history":[{"count":3,"href":"https:\/\/tischtennis-biesfeld.de\/index.php?rest_route=\/wp\/v2\/pages\/329\/revisions"}],"predecessor-version":[{"id":333,"href":"https:\/\/tischtennis-biesfeld.de\/index.php?rest_route=\/wp\/v2\/pages\/329\/revisions\/333"}],"wp:attachment":[{"href":"https:\/\/tischtennis-biesfeld.de\/index.php?rest_route=%2Fwp%2Fv2%2Fmedia&parent=329"}],"curies":[{"name":"wp","href":"https:\/\/api.w.org\/{rel}","templated":true}]}}