{"id":787,"date":"2022-12-14T10:34:40","date_gmt":"2022-12-14T09:34:40","guid":{"rendered":"https:\/\/tischtennis-biesfeld.de\/?page_id=787"},"modified":"2025-09-29T06:47:52","modified_gmt":"2025-09-29T04:47:52","slug":"dr-wilhelm-knickenberg-pokal","status":"publish","type":"page","link":"https:\/\/tischtennis-biesfeld.de\/?page_id=787","title":{"rendered":"Dr. Wilhelm-Knickenberg-Pokal"},"content":{"rendered":"\n<p>Im August 1961 verstarb der zu dem Zeitpunkt amtierende 1. Vorsitzende Dr. Wilhelm Knickenberg. <br>Der damalige Vorstand beschloss auf seiner Vorstandssitzung am 02.11.1961 zu Ehren und zum Andenken an Wilhelm Knickenberg den &#8222;Dr.-Wilhelm-Knickenberg-Ged\u00e4chtnispokal&#8220; ins Leben zu rufen.<br>Gestiftet wurde der Pokal vom Ehrenmitglied und 5. Pr\u00e4sidenten des DTTB Carl Adloff.<br><br>Anl\u00e4sslich der Einweihung des neuen Sportraumes in der Grundschule Biesfeld wurde der Pokal am 18.08.1962 erstmalig im vereinsinternen Pokalturnier ausgespielt.<br><br>Bis auf das Jahr 2020 wurde der Pokal jedes Jahr ausgespielt. 2020 war ein Ausspielen aufgrund der Corona-Pandemie nicht m\u00f6glich. <br>F\u00fcr 2021 wurde der Pokal &#8211; wieder wegen Corona &#8211; erst im Jahr 2022 nachtr\u00e4glich ausgespielt.<br><br>Andreas Kirch und Ralf Stockberg sicherten sich mit insgesamt 8 Siegen am h\u00e4ufigsten den Wanderpokal, gefolgt mit 7 Titeln von Udo Ommerborn und Markus Boczkowski.<br><br>Hier die vollst\u00e4ndige Liste der Sieger.<\/p>\n\n\n\n<figure class=\"wp-block-table aligncenter is-style-regular has-small-font-size\"><table class=\"has-fixed-layout\" style=\"border-width:1px\"><thead><tr><th class=\"has-text-align-center\" data-align=\"center\"><strong>Jahr<\/strong><\/th><th class=\"has-text-align-center\" data-align=\"center\"><strong>Sieger<\/strong><\/th><\/tr><\/thead><tbody><tr><td class=\"has-text-align-center\" data-align=\"center\">1962<\/td><td class=\"has-text-align-center\" data-align=\"center\">Brochhagen, H.O.<\/td><\/tr><tr><td class=\"has-text-align-center\" data-align=\"center\">1963<\/td><td class=\"has-text-align-center\" data-align=\"center\">Ossenbach, W.<\/td><\/tr><tr><td class=\"has-text-align-center\" data-align=\"center\">1964<\/td><td class=\"has-text-align-center\" data-align=\"center\">Stockberg, B.<\/td><\/tr><tr><td class=\"has-text-align-center\" data-align=\"center\">1965<\/td><td class=\"has-text-align-center\" data-align=\"center\">Brochhagen, H.O.<\/td><\/tr><tr><td class=\"has-text-align-center\" data-align=\"center\">1966<\/td><td class=\"has-text-align-center\" data-align=\"center\">Brochhagen, H.O.<\/td><\/tr><tr><td class=\"has-text-align-center\" data-align=\"center\">1967<\/td><td class=\"has-text-align-center\" data-align=\"center\">Ommerborn, U.<\/td><\/tr><tr><td class=\"has-text-align-center\" data-align=\"center\">1968<\/td><td class=\"has-text-align-center\" data-align=\"center\">Brochhagen, H.O.<\/td><\/tr><tr><td class=\"has-text-align-center\" data-align=\"center\">1969<\/td><td class=\"has-text-align-center\" data-align=\"center\">Ommerborn, U.<\/td><\/tr><tr><td class=\"has-text-align-center\" data-align=\"center\">1970<\/td><td class=\"has-text-align-center\" data-align=\"center\">Paffenholz, J.<\/td><\/tr><tr><td class=\"has-text-align-center\" data-align=\"center\">1971<\/td><td class=\"has-text-align-center\" data-align=\"center\">Ommerborn, U.<\/td><\/tr><tr><td class=\"has-text-align-center\" data-align=\"center\">1972<\/td><td class=\"has-text-align-center\" data-align=\"center\">Ommerborn, U.<\/td><\/tr><tr><td class=\"has-text-align-center\" data-align=\"center\">1973<\/td><td class=\"has-text-align-center\" data-align=\"center\">Schilling, K.H.<\/td><\/tr><tr><td class=\"has-text-align-center\" data-align=\"center\">1974<\/td><td class=\"has-text-align-center\" data-align=\"center\">Ommerborn, U.<\/td><\/tr><tr><td class=\"has-text-align-center\" data-align=\"center\">1975<\/td><td class=\"has-text-align-center\" data-align=\"center\">Ossenbach, W.<\/td><\/tr><tr><td class=\"has-text-align-center\" data-align=\"center\">1976<\/td><td class=\"has-text-align-center\" data-align=\"center\">Ommerborn, U.<\/td><\/tr><tr><td class=\"has-text-align-center\" data-align=\"center\">1977<\/td><td class=\"has-text-align-center\" data-align=\"center\">Herweg, K.<\/td><\/tr><tr><td class=\"has-text-align-center\" data-align=\"center\">1978<\/td><td class=\"has-text-align-center\" data-align=\"center\">Ommerborn, U.<\/td><\/tr><tr><td class=\"has-text-align-center\" data-align=\"center\">1979<\/td><td class=\"has-text-align-center\" data-align=\"center\">Plagens, D.<\/td><\/tr><tr><td class=\"has-text-align-center\" data-align=\"center\">1980<\/td><td class=\"has-text-align-center\" data-align=\"center\">Paffenholz, J.<\/td><\/tr><tr><td class=\"has-text-align-center\" data-align=\"center\">1981<\/td><td class=\"has-text-align-center\" data-align=\"center\">Bosbach, F.<\/td><\/tr><tr><td class=\"has-text-align-center\" data-align=\"center\">1982<\/td><td class=\"has-text-align-center\" data-align=\"center\">Hamb\u00f6ker, F.<\/td><\/tr><tr><td class=\"has-text-align-center\" data-align=\"center\">1983<\/td><td class=\"has-text-align-center\" data-align=\"center\">Stockberg, R.<\/td><\/tr><tr><td class=\"has-text-align-center\" data-align=\"center\">1984<\/td><td class=\"has-text-align-center\" data-align=\"center\">Boczkowski, M.<\/td><\/tr><tr><td class=\"has-text-align-center\" data-align=\"center\">1985<\/td><td class=\"has-text-align-center\" data-align=\"center\">Kirch, A.<\/td><\/tr><tr><td class=\"has-text-align-center\" data-align=\"center\">1986<\/td><td class=\"has-text-align-center\" data-align=\"center\">Plagens, D.<\/td><\/tr><tr><td class=\"has-text-align-center\" data-align=\"center\">1987<\/td><td class=\"has-text-align-center\" data-align=\"center\">Boczkowski, M.<\/td><\/tr><tr><td class=\"has-text-align-center\" data-align=\"center\">1988<\/td><td class=\"has-text-align-center\" data-align=\"center\">Kirch, A.<\/td><\/tr><tr><td class=\"has-text-align-center\" data-align=\"center\">1989<\/td><td class=\"has-text-align-center\" data-align=\"center\">Kirch, A.<\/td><\/tr><tr><td class=\"has-text-align-center\" data-align=\"center\">1990<\/td><td class=\"has-text-align-center\" data-align=\"center\">Kirch, A.<\/td><\/tr><tr><td class=\"has-text-align-center\" data-align=\"center\">1991<\/td><td class=\"has-text-align-center\" data-align=\"center\">Reuter, C.<\/td><\/tr><tr><td class=\"has-text-align-center\" data-align=\"center\">1992<\/td><td class=\"has-text-align-center\" data-align=\"center\">Boczkowski, M.<\/td><\/tr><tr><td class=\"has-text-align-center\" data-align=\"center\">1993<\/td><td class=\"has-text-align-center\" data-align=\"center\">Kirch, A.<\/td><\/tr><tr><td class=\"has-text-align-center\" data-align=\"center\">1994<\/td><td class=\"has-text-align-center\" data-align=\"center\">Stockberg, R.<\/td><\/tr><tr><td class=\"has-text-align-center\" data-align=\"center\">1995<\/td><td class=\"has-text-align-center\" data-align=\"center\">Stockberg, R.<\/td><\/tr><tr><td class=\"has-text-align-center\" data-align=\"center\">1996<\/td><td class=\"has-text-align-center\" data-align=\"center\">Stockberg, R.<\/td><\/tr><tr><td class=\"has-text-align-center\" data-align=\"center\">1997<\/td><td class=\"has-text-align-center\" data-align=\"center\">Boczkowski, M.<\/td><\/tr><tr><td class=\"has-text-align-center\" data-align=\"center\">1998<\/td><td class=\"has-text-align-center\" data-align=\"center\">Boczkowski, M.<\/td><\/tr><tr><td class=\"has-text-align-center\" data-align=\"center\">1999<\/td><td class=\"has-text-align-center\" data-align=\"center\">Boczkowski, M.<\/td><\/tr><tr><td class=\"has-text-align-center\" data-align=\"center\">2000<\/td><td class=\"has-text-align-center\" data-align=\"center\">Kirch, A.<\/td><\/tr><tr><td class=\"has-text-align-center\" data-align=\"center\">2001<\/td><td class=\"has-text-align-center\" data-align=\"center\">Kirch, A.<\/td><\/tr><tr><td class=\"has-text-align-center\" data-align=\"center\">2002<\/td><td class=\"has-text-align-center\" data-align=\"center\">Breidenbach, M.<\/td><\/tr><tr><td class=\"has-text-align-center\" data-align=\"center\">2003<\/td><td class=\"has-text-align-center\" data-align=\"center\">Borsutzky, F.<\/td><\/tr><tr><td class=\"has-text-align-center\" data-align=\"center\">2004<\/td><td class=\"has-text-align-center\" data-align=\"center\">Schellong, S.<\/td><\/tr><tr><td class=\"has-text-align-center\" data-align=\"center\">2005<\/td><td class=\"has-text-align-center\" data-align=\"center\">Stockberg, R.<\/td><\/tr><tr><td class=\"has-text-align-center\" data-align=\"center\">2006<\/td><td class=\"has-text-align-center\" data-align=\"center\">Reuter, C.<\/td><\/tr><tr><td class=\"has-text-align-center\" data-align=\"center\">2007<\/td><td class=\"has-text-align-center\" data-align=\"center\">Stockberg, R.<\/td><\/tr><tr><td class=\"has-text-align-center\" data-align=\"center\">2008<\/td><td class=\"has-text-align-center\" data-align=\"center\">Nagel, M.<\/td><\/tr><tr><td class=\"has-text-align-center\" data-align=\"center\">2009<\/td><td class=\"has-text-align-center\" data-align=\"center\">Nagel, M.<\/td><\/tr><tr><td class=\"has-text-align-center\" data-align=\"center\">2010<\/td><td class=\"has-text-align-center\" data-align=\"center\">Kirch, A.<\/td><\/tr><tr><td class=\"has-text-align-center\" data-align=\"center\">2011<\/td><td class=\"has-text-align-center\" data-align=\"center\">Stefer, H.<\/td><\/tr><tr><td class=\"has-text-align-center\" data-align=\"center\">2012<\/td><td class=\"has-text-align-center\" data-align=\"center\">Schellong, S.<\/td><\/tr><tr><td class=\"has-text-align-center\" data-align=\"center\">2013<\/td><td class=\"has-text-align-center\" data-align=\"center\">Stockberg, R.<\/td><\/tr><tr><td class=\"has-text-align-center\" data-align=\"center\">2014<\/td><td class=\"has-text-align-center\" data-align=\"center\">Stockberg, R.<\/td><\/tr><tr><td class=\"has-text-align-center\" data-align=\"center\">2015<\/td><td class=\"has-text-align-center\" data-align=\"center\">Nagel, M.<\/td><\/tr><tr><td class=\"has-text-align-center\" data-align=\"center\">2016<\/td><td class=\"has-text-align-center\" data-align=\"center\">Stefer, H.<\/td><\/tr><tr><td class=\"has-text-align-center\" data-align=\"center\">2017<\/td><td class=\"has-text-align-center\" data-align=\"center\">Nagel, M.<\/td><\/tr><tr><td class=\"has-text-align-center\" data-align=\"center\">2018<\/td><td class=\"has-text-align-center\" data-align=\"center\">Boczkowski, M.<\/td><\/tr><tr><td class=\"has-text-align-center\" data-align=\"center\">2019<\/td><td class=\"has-text-align-center\" data-align=\"center\">Tan, R.<\/td><\/tr><tr><td class=\"has-text-align-center\" data-align=\"center\">2020<\/td><td class=\"has-text-align-center\" data-align=\"center\">aufgrund der Corona-Pandemie nicht ausgespielt<\/td><\/tr><tr><td class=\"has-text-align-center\" data-align=\"center\">2021<\/td><td class=\"has-text-align-center\" data-align=\"center\">R\u00fcger, K.<\/td><\/tr><tr><td class=\"has-text-align-center\" data-align=\"center\">2022<\/td><td class=\"has-text-align-center\" data-align=\"center\">Nagel, M.<\/td><\/tr><tr><td class=\"has-text-align-center\" data-align=\"center\">2023<\/td><td class=\"has-text-align-center\" data-align=\"center\">Tan, R.<\/td><\/tr><tr><td class=\"has-text-align-center\" data-align=\"center\">2024<\/td><td class=\"has-text-align-center\" data-align=\"center\">R\u00fcger, K.<\/td><\/tr><tr><td class=\"has-text-align-center\" data-align=\"center\">2025<\/td><td class=\"has-text-align-center\" data-align=\"center\">Selbach, P.<\/td><\/tr><\/tbody><\/table><\/figure>\n","protected":false},"excerpt":{"rendered":"<p>Im August 1961 verstarb der zu dem Zeitpunkt amtierende 1. Vorsitzende Dr. Wilhelm Knickenberg. Der damalige Vorstand beschloss auf seiner Vorstandssitzung am 02.11.1961 zu Ehren und zum Andenken an Wilhelm Knickenberg den &#8222;Dr.-Wilhelm-Knickenberg-Ged\u00e4chtnispokal&#8220; ins Leben zu rufen.Gestiftet wurde der Pokal vom Ehrenmitglied und 5. Pr\u00e4sidenten des DTTB Carl Adloff. Anl\u00e4sslich der Einweihung des neuen Sportraumes [&hellip;]<\/p>\n","protected":false},"author":1,"featured_media":0,"parent":0,"menu_order":95,"comment_status":"closed","ping_status":"closed","template":"","meta":{"site-sidebar-layout":"default","site-content-layout":"","ast-site-content-layout":"default","site-content-style":"default","site-sidebar-style":"default","ast-global-header-display":"","ast-banner-title-visibility":"","ast-main-header-display":"","ast-hfb-above-header-display":"","ast-hfb-below-header-display":"","ast-hfb-mobile-header-display":"","site-post-title":"","ast-breadcrumbs-content":"","ast-featured-img":"","footer-sml-layout":"","ast-disable-related-posts":"","theme-transparent-header-meta":"","adv-header-id-meta":"","stick-header-meta":"","header-above-stick-meta":"","header-main-stick-meta":"","header-below-stick-meta":"","astra-migrate-meta-layouts":"set","ast-page-background-enabled":"default","ast-page-background-meta":{"desktop":{"background-color":"var(--ast-global-color-4)","background-image":"","background-repeat":"repeat","background-position":"center center","background-size":"auto","background-attachment":"scroll","background-type":"","background-media":"","overlay-type":"","overlay-color":"","overlay-opacity":"","overlay-gradient":""},"tablet":{"background-color":"","background-image":"","background-repeat":"repeat","background-position":"center center","background-size":"auto","background-attachment":"scroll","background-type":"","background-media":"","overlay-type":"","overlay-color":"","overlay-opacity":"","overlay-gradient":""},"mobile":{"background-color":"","background-image":"","background-repeat":"repeat","background-position":"center center","background-size":"auto","background-attachment":"scroll","background-type":"","background-media":"","overlay-type":"","overlay-color":"","overlay-opacity":"","overlay-gradient":""}},"ast-content-background-meta":{"desktop":{"background-color":"var(--ast-global-color-5)","background-image":"","background-repeat":"repeat","background-position":"center center","background-size":"auto","background-attachment":"scroll","background-type":"","background-media":"","overlay-type":"","overlay-color":"","overlay-opacity":"","overlay-gradient":""},"tablet":{"background-color":"var(--ast-global-color-5)","background-image":"","background-repeat":"repeat","background-position":"center center","background-size":"auto","background-attachment":"scroll","background-type":"","background-media":"","overlay-type":"","overlay-color":"","overlay-opacity":"","overlay-gradient":""},"mobile":{"background-color":"var(--ast-global-color-5)","background-image":"","background-repeat":"repeat","background-position":"center center","background-size":"auto","background-attachment":"scroll","background-type":"","background-media":"","overlay-type":"","overlay-color":"","overlay-opacity":"","overlay-gradient":""}},"footnotes":""},"class_list":["post-787","page","type-page","status-publish","hentry"],"_links":{"self":[{"href":"https:\/\/tischtennis-biesfeld.de\/index.php?rest_route=\/wp\/v2\/pages\/787","targetHints":{"allow":["GET"]}}],"collection":[{"href":"https:\/\/tischtennis-biesfeld.de\/index.php?rest_route=\/wp\/v2\/pages"}],"about":[{"href":"https:\/\/tischtennis-biesfeld.de\/index.php?rest_route=\/wp\/v2\/types\/page"}],"author":[{"embeddable":true,"href":"https:\/\/tischtennis-biesfeld.de\/index.php?rest_route=\/wp\/v2\/users\/1"}],"replies":[{"embeddable":true,"href":"https:\/\/tischtennis-biesfeld.de\/index.php?rest_route=%2Fwp%2Fv2%2Fcomments&post=787"}],"version-history":[{"count":10,"href":"https:\/\/tischtennis-biesfeld.de\/index.php?rest_route=\/wp\/v2\/pages\/787\/revisions"}],"predecessor-version":[{"id":2215,"href":"https:\/\/tischtennis-biesfeld.de\/index.php?rest_route=\/wp\/v2\/pages\/787\/revisions\/2215"}],"wp:attachment":[{"href":"https:\/\/tischtennis-biesfeld.de\/index.php?rest_route=%2Fwp%2Fv2%2Fmedia&parent=787"}],"curies":[{"name":"wp","href":"https:\/\/api.w.org\/{rel}","templated":true}]}}